{"id":306,"date":"2024-11-21T19:59:04","date_gmt":"2024-11-21T19:59:04","guid":{"rendered":"https:\/\/lacasitadebarruelo.es\/?page_id=306"},"modified":"2024-11-21T20:00:11","modified_gmt":"2024-11-21T20:00:11","slug":"politica-de-cookies","status":"publish","type":"page","link":"https:\/\/lacasitadebarruelo.es\/en\/politica-de-cookies\/","title":{"rendered":"Cookie policy"},"content":{"rendered":"\t\t<div data-elementor-type=\"wp-page\" data-elementor-id=\"306\" class=\"elementor elementor-306\" data-elementor-post-type=\"page\">\n\t\t\t\t\t\t<section class=\"elementor-section elementor-top-section elementor-element elementor-element-7457bdbc elementor-section-boxed elementor-section-height-default elementor-section-height-default\" data-id=\"7457bdbc\" data-element_type=\"section\" data-e-type=\"section\" data-settings=\"{&quot;background_background&quot;:&quot;classic&quot;}\">\n\t\t\t\t\t\t\t<div class=\"elementor-background-overlay\"><\/div>\n\t\t\t\t\t\t\t<div class=\"elementor-container elementor-column-gap-default\">\n\t\t\t\t\t<div class=\"elementor-column elementor-col-50 elementor-top-column elementor-element elementor-element-281d61c4\" data-id=\"281d61c4\" data-element_type=\"column\" data-e-type=\"column\">\n\t\t\t<div class=\"elementor-widget-wrap elementor-element-populated\">\n\t\t\t\t\t\t<div class=\"elementor-element elementor-element-ea963c3 elementor-widget elementor-widget-heading\" data-id=\"ea963c3\" data-element_type=\"widget\" data-e-type=\"widget\" data-widget_type=\"heading.default\">\n\t\t\t\t<div class=\"elementor-widget-container\">\n\t\t\t\t\t<h1 class=\"elementor-heading-title elementor-size-default\">Pol\u00edtica de cookies<\/h1>\t\t\t\t<\/div>\n\t\t\t\t<\/div>\n\t\t\t\t\t<\/div>\n\t\t<\/div>\n\t\t\t\t<div class=\"elementor-column elementor-col-50 elementor-top-column elementor-element elementor-element-5b40ca1d elementor-hidden-tablet elementor-hidden-mobile\" data-id=\"5b40ca1d\" data-element_type=\"column\" data-e-type=\"column\">\n\t\t\t<div class=\"elementor-widget-wrap\">\n\t\t\t\t\t\t\t<\/div>\n\t\t<\/div>\n\t\t\t\t\t<\/div>\n\t\t<\/section>\n\t\t<div class=\"elementor-element elementor-element-238a9685 e-flex e-con-boxed e-con e-parent\" data-id=\"238a9685\" data-element_type=\"container\" data-e-type=\"container\">\n\t\t\t\t\t<div class=\"e-con-inner\">\n\t\t\t\t<div class=\"elementor-element elementor-element-5f1b69ac elementor-widget elementor-widget-text-editor\" data-id=\"5f1b69ac\" data-element_type=\"widget\" data-e-type=\"widget\" data-widget_type=\"text-editor.default\">\n\t\t\t\t<div class=\"elementor-widget-container\">\n\t\t\t\t\t\t\t\t\t<p>En www.lacasitadebarruelo.es utilizamos cookies para mejorar la experiencia de navegaci\u00f3n de nuestros usuarios y optimizar el funcionamiento de nuestro sitio web. A continuaci\u00f3n, te explicamos qu\u00e9 son las cookies, cu\u00e1les utilizamos y c\u00f3mo puedes gestionarlas.<\/p><p><strong>1. \u00bfQu\u00e9 son las cookies?<\/strong><br \/>Las cookies son peque\u00f1os archivos de texto que se almacenan en tu dispositivo (ordenador, tablet, m\u00f3vil) al visitar ciertos sitios web. Estas permiten al sitio web recordar tus preferencias y realizar un seguimiento de tu actividad para ofrecerte una mejor experiencia de usuario.<\/p><p><strong>2. Tipos de cookies que utilizamos<\/strong><br \/>En nuestro sitio web utilizamos los siguientes tipos de cookies:<\/p><p>Cookies t\u00e9cnicas o necesarias:<br \/>Son esenciales para que el sitio funcione correctamente y no requieren tu consentimiento. Por ejemplo, se utilizan para recordar tus preferencias de idioma o para permitir el uso del carrito de compras (si aplica).<\/p><p>Cookies de an\u00e1lisis o estad\u00edsticas:<br \/>Nos ayudan a entender c\u00f3mo los usuarios interact\u00faan con nuestro sitio, recopilando informaci\u00f3n de manera an\u00f3nima. Esto nos permite mejorar la funcionalidad y el contenido.<\/p><p>Cookies de personalizaci\u00f3n:<br \/>Permiten recordar tus preferencias (como el idioma o regi\u00f3n) para ofrecerte una experiencia personalizada.<\/p><p>Cookies de publicidad o marketing:<br \/>Se utilizan para mostrar anuncios relevantes en funci\u00f3n de tus intereses y para medir la eficacia de nuestras campa\u00f1as publicitarias.<\/p><p><strong>3. Cookies utilizadas en este sitio web<\/strong><br \/>A continuaci\u00f3n, detallamos las cookies espec\u00edficas que utilizamos:<\/p><p>Cookies t\u00e9cnicas o necesarias<br \/>Nombre: [Ejemplo: PHPSESSID]<br \/>Prop\u00f3sito: Mantener la sesi\u00f3n activa del usuario.<br \/>Duraci\u00f3n: Hasta el final de la sesi\u00f3n.<br \/>Cookies de an\u00e1lisis<br \/>Nombre: [Ejemplo: _ga]<br \/>Prop\u00f3sito: Analizar el tr\u00e1fico y comportamiento del usuario en el sitio web.<br \/>Proveedor: Google Analytics.<br \/>Duraci\u00f3n: 2 a\u00f1os.<br \/>Cookies de publicidad<br \/>Nombre: [Ejemplo: _fbp]<br \/>Prop\u00f3sito: Mostrar anuncios relevantes en Facebook.<br \/>Proveedor: Facebook.<br \/>Duraci\u00f3n: 3 meses.<br \/>Nota: La lista debe ser personalizada seg\u00fan las cookies efectivamente usadas en tu sitio web.<\/p><p><strong>4. C\u00f3mo gestionar las cookies<\/strong><br \/><strong>Puedes configurar o deshabilitar las cookies en cualquier momento a trav\u00e9s de las opciones de tu navegador.<\/strong> Aqu\u00ed tienes las instrucciones para los navegadores m\u00e1s comunes:<\/p><p>Google Chrome:<br \/>Configurar cookies en Chrome<\/p><p>Mozilla Firefox:<br \/>Configurar cookies en Firefox<\/p><p>Microsoft Edge:<br \/>Configurar cookies en Edge<\/p><p>Safari:<br \/>Configurar cookies en Safari<\/p><p>Ten en cuenta que deshabilitar ciertas cookies podr\u00eda afectar el funcionamiento del sitio web.<\/p><p><strong>5. Consentimiento<\/strong><br \/>Al acceder a nuestro sitio web, se te mostrar\u00e1 un aviso de cookies donde podr\u00e1s aceptar, rechazar o configurar tus preferencias.<\/p><p><strong>6. Modificaciones en la Pol\u00edtica de Cookies<\/strong><br \/>Nos reservamos el derecho de modificar esta Pol\u00edtica de Cookies en cualquier momento, adapt\u00e1ndola a cambios legislativos o t\u00e9cnicos. Te recomendamos revisarla peri\u00f3dicamente.<\/p><p>Si necesitas m\u00e1s informaci\u00f3n sobre c\u00f3mo utilizamos las cookies, puedes ponerte en contacto con nosotros a trav\u00e9s de nuestro correo electr\u00f3nico: (A\u00f1adir correo).<\/p>\t\t\t\t\t\t\t\t<\/div>\n\t\t\t\t<\/div>\n\t\t\t\t\t<\/div>\n\t\t\t\t<\/div>\n\t\t\t\t<\/div>\n\t\t","protected":false},"excerpt":{"rendered":"<p>Pol\u00edtica de cookies En www.lacasitadebarruelo.es utilizamos cookies para mejorar la experiencia de navegaci\u00f3n de nuestros usuarios y optimizar el funcionamiento de nuestro sitio web. A continuaci\u00f3n, te explicamos qu\u00e9 son las cookies, cu\u00e1les utilizamos y c\u00f3mo puedes gestionarlas. 1. \u00bfQu\u00e9 son las cookies?Las cookies son peque\u00f1os archivos de texto que se almacenan en tu dispositivo [&hellip;]<\/p>\n","protected":false},"author":1,"featured_media":0,"parent":0,"menu_order":0,"comment_status":"closed","ping_status":"closed","template":"","meta":{"footnotes":""},"class_list":["post-306","page","type-page","status-publish","hentry"],"_links":{"self":[{"href":"https:\/\/lacasitadebarruelo.es\/en\/wp-json\/wp\/v2\/pages\/306","targetHints":{"allow":["GET"]}}],"collection":[{"href":"https:\/\/lacasitadebarruelo.es\/en\/wp-json\/wp\/v2\/pages"}],"about":[{"href":"https:\/\/lacasitadebarruelo.es\/en\/wp-json\/wp\/v2\/types\/page"}],"author":[{"embeddable":true,"href":"https:\/\/lacasitadebarruelo.es\/en\/wp-json\/wp\/v2\/users\/1"}],"replies":[{"embeddable":true,"href":"https:\/\/lacasitadebarruelo.es\/en\/wp-json\/wp\/v2\/comments?post=306"}],"version-history":[{"count":4,"href":"https:\/\/lacasitadebarruelo.es\/en\/wp-json\/wp\/v2\/pages\/306\/revisions"}],"predecessor-version":[{"id":310,"href":"https:\/\/lacasitadebarruelo.es\/en\/wp-json\/wp\/v2\/pages\/306\/revisions\/310"}],"wp:attachment":[{"href":"https:\/\/lacasitadebarruelo.es\/en\/wp-json\/wp\/v2\/media?parent=306"}],"curies":[{"name":"wp","href":"https:\/\/api.w.org\/{rel}","templated":true}]}}